{"id":2593,"date":"2022-04-11T00:57:01","date_gmt":"2022-04-10T21:57:01","guid":{"rendered":"https:\/\/nobodyad.ro\/site\/?page_id=2593"},"modified":"2022-04-12T02:13:26","modified_gmt":"2022-04-11T23:13:26","slug":"about-us","status":"publish","type":"page","link":"https:\/\/nobodyad.ro\/index.php\/about-us\/","title":{"rendered":"About us"},"content":{"rendered":"<p><span style=\"color: #a8022c;\"><strong>En:<\/strong><\/span><\/p>\n<p>Unique in Romania, these artworks are made up of three images that are revealed to the eye by changing the perspective \/ angle from which they are viewed.<\/p>\n<p>Handmade, NoBody paintings embody an immense amount of excitement and beauty, delivered indefinitely.<\/p>\n<p>Because they can be damaged in the event of improper handling, NoBody artworks cannot be shipped through courier companies; they are not subject to online sales. The reception will be in person. They are no returnable products.<\/p>\n<p>If you have decided to purchase an artwork &#8211; check its availability in advance &#8211; you can write to us at office@nobodyad.ro or call 0745-640108 between 12.00 and 24.00.<\/p>\n<p>Through video suites &#8211; 3D illustrations of paintings &#8211; we aim to virtually convey emotion and beauty.<\/p>\n<p>&nbsp;<\/p>\n<p><strong><span style=\"color: #a8022c;\">Ro:<\/span><\/strong><\/p>\n<p>Inedite \u00een Rom\u00e2nia, lucr\u0103rile propuse sunt alc\u0103tuite din trei imagini ce se dezv\u0103luie ochiului schimb\u00e2nd perspectiva\/unghiul sub care sunt privite.<\/p>\n<p>Realizate manual, tablourile NoBody \u00eenglobeaz\u0103 o cantitate imens\u0103 de emo\u0163ie \u015fi frumuse\u0163e, livrat\u0103 infinit.<\/p>\n<p>Deoarece se pot deteriora \u00een cazul unei manipul\u0103ri inadecvate, lucr\u0103rile NoBody nu pot fi expediate prin intermediul firmelor de curierat; nu fac obiectul v\u00e2nz\u0103rilor online. Recep\u0163ia va fi f\u0103cut\u0103 personal. Nu sunt produse returnabile.<\/p>\n<p>Dac\u0103 v-a\u0163i decis s\u0103 achizi\u0163iona\u0163i o lucrare &#8211; verifica\u0163i \u00een prealabil disponibilitatea acesteia &#8211; ne pute\u0163i scrie la adresa office@nobodyad.ro sau suna la numarul 0745-640108 \u00een intervalul orar 12.00 &#8211; 24.00.<\/p>\n<p>Prin intermediul unor suite de videoclipuri &#8211; ilustra\u0163ii 3D ale tablourilor &#8211; ne propunem s\u0103 v\u0103 transmitem virtual emo\u0163ie, frumuse\u0163e.<\/p>\n","protected":false},"excerpt":{"rendered":"<p>En: Unique in Romania, these artworks are made up of three images that are revealed to the eye by changing the perspective \/ angle from which they are viewed. Handmade, NoBody paintings embody an immense amount of excitement and beauty, delivered indefinitely. Because they can be damaged in the event of improper handling, NoBody artworks<\/p>\n<div class=\"more-link-wrap mt-3\"><a href=\"https:\/\/nobodyad.ro\/index.php\/about-us\/\" class=\"more-link\">Continue reading<\/a><\/div>\n","protected":false},"author":1,"featured_media":0,"parent":0,"menu_order":0,"comment_status":"closed","ping_status":"closed","template":"","meta":{"footnotes":""},"class_list":["post-2593","page","type-page","status-publish","hentry"],"_links":{"self":[{"href":"https:\/\/nobodyad.ro\/index.php\/wp-json\/wp\/v2\/pages\/2593","targetHints":{"allow":["GET"]}}],"collection":[{"href":"https:\/\/nobodyad.ro\/index.php\/wp-json\/wp\/v2\/pages"}],"about":[{"href":"https:\/\/nobodyad.ro\/index.php\/wp-json\/wp\/v2\/types\/page"}],"author":[{"embeddable":true,"href":"https:\/\/nobodyad.ro\/index.php\/wp-json\/wp\/v2\/users\/1"}],"replies":[{"embeddable":true,"href":"https:\/\/nobodyad.ro\/index.php\/wp-json\/wp\/v2\/comments?post=2593"}],"version-history":[{"count":1,"href":"https:\/\/nobodyad.ro\/index.php\/wp-json\/wp\/v2\/pages\/2593\/revisions"}],"predecessor-version":[{"id":2622,"href":"https:\/\/nobodyad.ro\/index.php\/wp-json\/wp\/v2\/pages\/2593\/revisions\/2622"}],"wp:attachment":[{"href":"https:\/\/nobodyad.ro\/index.php\/wp-json\/wp\/v2\/media?parent=2593"}],"curies":[{"name":"wp","href":"https:\/\/api.w.org\/{rel}","templated":true}]}}