{"id":2596,"date":"2022-04-11T01:02:38","date_gmt":"2022-04-10T22:02:38","guid":{"rendered":"https:\/\/nobodyad.ro\/site\/?page_id=2596"},"modified":"2022-04-12T02:14:05","modified_gmt":"2022-04-11T23:14:05","slug":"info","status":"publish","type":"page","link":"https:\/\/nobodyad.ro\/index.php\/info\/","title":{"rendered":"Info"},"content":{"rendered":"<p><span style=\"color: #a8022c;\"><strong>En:<\/strong><\/span><\/p>\n<p>Images are printed on matte or glossy synthetic (PP) media. The quality of the inks used and the printing technology, give over time an extremely high color resistance.<\/p>\n<p>However, we recommend you do not expose these artworks to direct sunlight. Also, dust can be easily removed with a fine cloth, avoiding scratching the slits.<\/p>\n<p>The final dimensions of the paintings include the white passepartout. This is made out of PVC foam and differs in thickness depending on the size of the artwork. Hanging clamps &#8211; 2, 3 or 4 pieces &#8211; are included.<\/p>\n<p>&nbsp;<\/p>\n<p><strong><span style=\"color: #a8022c;\">Ro:<\/span><\/strong><\/p>\n<p>Imaginile sunt tip\u0103rite pe suport sintetic (PP) matte sau glossy. Calitatea cernelurilor utilizate \u015fi tehnologia de tipar confer\u0103 \u00een timp o rezisten\u0163\u0103 extrem de ridicat\u0103 a culorilor.<\/p>\n<p>Recomand\u0103m totu\u015fi ca lucr\u0103rile s\u0103 nu fie expuse \u00een lumina direct\u0103 a soarelui. Praful depus poate fi \u00eendep\u0103rtat cu un p\u0103m\u0103tuf fin, evit\u00e2nd zg\u00e2rierea fantelor.<\/p>\n<p>Dimensiunile finale ale tablourilor includ passepartout-ul alb. Acesta este din spum\u0103 PVC \u015fi difer\u0103 ca grosime \u00een func\u0163ie de dimensiunile lucr\u0103rilor. Clemele de ag\u0103\u0163are &#8211; \u00een num\u0103r de 2, 3 sau 4 buc\u0103\u0163i &#8211; sunt incluse.<\/p>\n","protected":false},"excerpt":{"rendered":"<p>En: Images are printed on matte or glossy synthetic (PP) media. The quality of the inks used and the printing technology, give over time an extremely high color resistance. However, we recommend you do not expose these artworks to direct sunlight. Also, dust can be easily removed with a fine cloth, avoiding scratching the slits.<\/p>\n<div class=\"more-link-wrap mt-3\"><a href=\"https:\/\/nobodyad.ro\/index.php\/info\/\" class=\"more-link\">Continue reading<\/a><\/div>\n","protected":false},"author":1,"featured_media":0,"parent":0,"menu_order":0,"comment_status":"closed","ping_status":"closed","template":"","meta":{"footnotes":""},"class_list":["post-2596","page","type-page","status-publish","hentry"],"_links":{"self":[{"href":"https:\/\/nobodyad.ro\/index.php\/wp-json\/wp\/v2\/pages\/2596","targetHints":{"allow":["GET"]}}],"collection":[{"href":"https:\/\/nobodyad.ro\/index.php\/wp-json\/wp\/v2\/pages"}],"about":[{"href":"https:\/\/nobodyad.ro\/index.php\/wp-json\/wp\/v2\/types\/page"}],"author":[{"embeddable":true,"href":"https:\/\/nobodyad.ro\/index.php\/wp-json\/wp\/v2\/users\/1"}],"replies":[{"embeddable":true,"href":"https:\/\/nobodyad.ro\/index.php\/wp-json\/wp\/v2\/comments?post=2596"}],"version-history":[{"count":1,"href":"https:\/\/nobodyad.ro\/index.php\/wp-json\/wp\/v2\/pages\/2596\/revisions"}],"predecessor-version":[{"id":2623,"href":"https:\/\/nobodyad.ro\/index.php\/wp-json\/wp\/v2\/pages\/2596\/revisions\/2623"}],"wp:attachment":[{"href":"https:\/\/nobodyad.ro\/index.php\/wp-json\/wp\/v2\/media?parent=2596"}],"curies":[{"name":"wp","href":"https:\/\/api.w.org\/{rel}","templated":true}]}}